{"id":13533,"date":"2020-05-16T11:09:02","date_gmt":"2020-05-16T16:09:02","guid":{"rendered":"https:\/\/www.livingecuadortravel.com\/reunion-en-ligne\/reunion-en-ligne-merci\/"},"modified":"2020-05-16T11:09:02","modified_gmt":"2020-05-16T16:09:02","slug":"reunion-en-ligne-merci","status":"publish","type":"page","link":"https:\/\/livingecuadortravel.com\/fr\/reunion-en-ligne\/reunion-en-ligne-merci\/","title":{"rendered":"R\u00e9union en ligne (merci)"},"content":{"rendered":"\t\t<div data-elementor-type=\"wp-page\" data-elementor-id=\"13533\" class=\"elementor elementor-13533\" data-elementor-post-type=\"page\">\n\t\t\t\t\t\t<section class=\"elementor-section elementor-top-section elementor-element elementor-element-1a893841 elementor-section-stretched elementor-section-height-full elementor-section-boxed elementor-section-height-default elementor-section-items-middle\" data-id=\"1a893841\" data-element_type=\"section\" data-e-type=\"section\" data-settings=\"{&quot;stretch_section&quot;:&quot;section-stretched&quot;}\">\n\t\t\t\t\t\t\t<div class=\"elementor-background-overlay\"><\/div>\n\t\t\t\t\t\t\t<div class=\"elementor-container elementor-column-gap-default\">\n\t\t\t\t\t<div class=\"elementor-column elementor-col-100 elementor-top-column elementor-element elementor-element-1b40f43e\" data-id=\"1b40f43e\" data-element_type=\"column\" data-e-type=\"column\">\n\t\t\t<div class=\"elementor-widget-wrap elementor-element-populated\">\n\t\t\t\t\t\t<div class=\"elementor-element elementor-element-f68a972 elementor-widget elementor-widget-image\" data-id=\"f68a972\" data-element_type=\"widget\" data-e-type=\"widget\" data-widget_type=\"image.default\">\n\t\t\t\t<div class=\"elementor-widget-container\">\n\t\t\t\t\t\t\t\t\t\t\t\t\t\t\t<img decoding=\"async\" data-src=\"https:\/\/livingecuadortravel.com\/wp-content\/uploads\/elementor\/thumbs\/logo_livingecuadortravel-qivjvsnb2mwzixt3ddb2t24gkjfv3lcoqyymg5ajto.png\" title=\"logo_livingecuadortravel\" alt=\"logo_livingecuadortravel\" src=\"data:image\/svg+xml;base64,PHN2ZyB3aWR0aD0iMSIgaGVpZ2h0PSIxIiB4bWxucz0iaHR0cDovL3d3dy53My5vcmcvMjAwMC9zdmciPjwvc3ZnPg==\" class=\"lazyload\" style=\"--smush-placeholder-width: 200px; --smush-placeholder-aspect-ratio: 200\/150;\" \/>\t\t\t\t\t\t\t\t\t\t\t\t\t\t\t<\/div>\n\t\t\t\t<\/div>\n\t\t\t\t<div class=\"elementor-element elementor-element-ff0f12c elementor-widget elementor-widget-spacer\" data-id=\"ff0f12c\" data-element_type=\"widget\" data-e-type=\"widget\" data-widget_type=\"spacer.default\">\n\t\t\t\t<div class=\"elementor-widget-container\">\n\t\t\t\t\t\t\t<div class=\"elementor-spacer\">\n\t\t\t<div class=\"elementor-spacer-inner\"><\/div>\n\t\t<\/div>\n\t\t\t\t\t\t<\/div>\n\t\t\t\t<\/div>\n\t\t\t\t<div class=\"elementor-element elementor-element-17197389 elementor-view-default elementor-position-top elementor-widget elementor-widget-themo-header\" data-id=\"17197389\" data-element_type=\"widget\" data-e-type=\"widget\" data-widget_type=\"themo-header.default\">\n\t\t\t\t<div class=\"elementor-widget-container\">\n\t\t\t\t\t\t\t<div class=\"th-header-wrap\">\n        <div class=\"elementor-icon-box-wrapper \">\n                            <div class=\"elementor-icon-box-content\">\n                    <h6 class=\"elementor-icon-box-title\">\n                        Merci d'avoir r\u00e9serv\u00e9 une r\u00e9union avec nous pour parler de votre voyage                    <\/h6>\n                                        <p class=\"elementor-icon-box-description\"><br \/>Nous sommes tr\u00e8s heureux de pouvoir vous parler bient\u00f4t et de vous aider avec tout ce dont vous avez besoin pour profiter de votre prochain voyage. \r\n\r\n<strong>Encore un pas. <\/strong>\r\nNous venons de vous envoyer un e-mail de confirmation. V\u00e9rifiez votre bo\u00eete de r\u00e9ception ainsi que le dossier spam. Cet e-mail est tr\u00e8s important car les d\u00e9tails et les instructions pour notre prochaine r\u00e9union sont d\u00e9taill\u00e9s. \r\n\r\n<i>\u00c1 tr\u00e8s bient\u00f4t, Adrian et Anna <\/i>\r\n<br \/><\/p>\n\n                                            <div class=\"th-btn-wrap\">\n                                                            <a class=\"btn-1 btn th-btn btn-standard-light\" href=\"https:\/\/www.livingecuadortravel.com\/fr\/voyages-sur-mesure\/\">\n                                                                            RETOUR AU VOYAGES SUR MESURE                                                                     <\/a>\n                            \n                                                            <a class=\"btn-2 btn th-btn btn-standard-light\" href=\"https:\/\/www.livingecuadortravel.com\/fr\/\">\n                                                                            RETOUR \u00c0 LA PAGE D&#039;ACCUEIL                                                                    <\/a>\n                                                    <\/div>\n                                    <\/div>\n            <\/div>\n\n        <\/div>\n\n\t\t\t\t\t\t<\/div>\n\t\t\t\t<\/div>\n\t\t\t\t\t<\/div>\n\t\t<\/div>\n\t\t\t\t\t<\/div>\n\t\t<\/section>\n\t\t\t\t<\/div>\n\t\t","protected":false},"excerpt":{"rendered":"<p>Merci d&#039;avoir r\u00e9serv\u00e9 une r\u00e9union avec nous pour parler de votre voyage Nous sommes tr\u00e8s heureux de pouvoir vous parler bient\u00f4t et de vous aider avec tout ce dont vous avez besoin pour profiter de votre prochain voyage. Encore un &hellip; <a href=\"https:\/\/livingecuadortravel.com\/fr\/reunion-en-ligne\/reunion-en-ligne-merci\/\">Read More<\/a><\/p>\n","protected":false},"author":1,"featured_media":0,"parent":13511,"menu_order":0,"comment_status":"closed","ping_status":"closed","template":"elementor_canvas","meta":{"cybocfi_hide_featured_image":"","footnotes":""},"class_list":["post-13533","page","type-page","status-publish","hentry"],"aioseo_notices":[],"_links":{"self":[{"href":"https:\/\/livingecuadortravel.com\/fr\/wp-json\/wp\/v2\/pages\/13533","targetHints":{"allow":["GET"]}}],"collection":[{"href":"https:\/\/livingecuadortravel.com\/fr\/wp-json\/wp\/v2\/pages"}],"about":[{"href":"https:\/\/livingecuadortravel.com\/fr\/wp-json\/wp\/v2\/types\/page"}],"author":[{"embeddable":true,"href":"https:\/\/livingecuadortravel.com\/fr\/wp-json\/wp\/v2\/users\/1"}],"replies":[{"embeddable":true,"href":"https:\/\/livingecuadortravel.com\/fr\/wp-json\/wp\/v2\/comments?post=13533"}],"version-history":[{"count":0,"href":"https:\/\/livingecuadortravel.com\/fr\/wp-json\/wp\/v2\/pages\/13533\/revisions"}],"up":[{"embeddable":true,"href":"https:\/\/livingecuadortravel.com\/fr\/wp-json\/wp\/v2\/pages\/13511"}],"wp:attachment":[{"href":"https:\/\/livingecuadortravel.com\/fr\/wp-json\/wp\/v2\/media?parent=13533"}],"curies":[{"name":"wp","href":"https:\/\/api.w.org\/{rel}","templated":true}]}}