{"id":13511,"date":"2020-05-16T10:12:54","date_gmt":"2020-05-16T15:12:54","guid":{"rendered":"https:\/\/www.livingecuadortravel.com\/reunion-en-ligne\/"},"modified":"2020-05-16T15:41:48","modified_gmt":"2020-05-16T20:41:48","slug":"reunion-en-ligne","status":"publish","type":"page","link":"https:\/\/livingecuadortravel.com\/fr\/reunion-en-ligne\/","title":{"rendered":"R\u00e9union en ligne"},"content":{"rendered":"\t\t<div data-elementor-type=\"wp-page\" data-elementor-id=\"13511\" class=\"elementor elementor-13511\" data-elementor-post-type=\"page\">\n\t\t\t\t\t\t<section class=\"elementor-section elementor-top-section elementor-element elementor-element-5ff49bd elementor-section-boxed elementor-section-height-default elementor-section-height-default\" data-id=\"5ff49bd\" data-element_type=\"section\" data-e-type=\"section\" data-settings=\"{&quot;background_background&quot;:&quot;classic&quot;}\">\n\t\t\t\t\t\t<div class=\"elementor-container elementor-column-gap-default\">\n\t\t\t\t\t<div class=\"elementor-column elementor-col-100 elementor-top-column elementor-element elementor-element-b547e1c\" data-id=\"b547e1c\" data-element_type=\"column\" data-e-type=\"column\">\n\t\t\t<div class=\"elementor-widget-wrap elementor-element-populated\">\n\t\t\t\t\t\t<div class=\"elementor-element elementor-element-40438ca elementor-widget elementor-widget-spacer\" data-id=\"40438ca\" data-element_type=\"widget\" data-e-type=\"widget\" data-widget_type=\"spacer.default\">\n\t\t\t\t<div class=\"elementor-widget-container\">\n\t\t\t\t\t\t\t<div class=\"elementor-spacer\">\n\t\t\t<div class=\"elementor-spacer-inner\"><\/div>\n\t\t<\/div>\n\t\t\t\t\t\t<\/div>\n\t\t\t\t<\/div>\n\t\t\t\t<div class=\"elementor-element elementor-element-9939cce elementor-view-default elementor-position-top elementor-widget elementor-widget-themo-header\" data-id=\"9939cce\" data-element_type=\"widget\" data-e-type=\"widget\" data-widget_type=\"themo-header.default\">\n\t\t\t\t<div class=\"elementor-widget-container\">\n\t\t\t\t\t\t\t<div class=\"th-header-wrap\">\n        <div class=\"elementor-icon-box-wrapper \">\n                            <div class=\"elementor-icon-box-content\">\n                    <h2 class=\"elementor-icon-box-title\">\n                        Planifiez votre r\u00e9union en ligne                    <\/h2>\n                                        <p class=\"elementor-icon-box-description\"><\/p>\n\n                                    <\/div>\n            <\/div>\n\n        <\/div>\n\n\t\t\t\t\t\t<\/div>\n\t\t\t\t<\/div>\n\t\t\t\t\t<\/div>\n\t\t<\/div>\n\t\t\t\t\t<\/div>\n\t\t<\/section>\n\t\t\t\t<section class=\"elementor-section elementor-top-section elementor-element elementor-element-4f301ad elementor-section-boxed elementor-section-height-default elementor-section-height-default\" data-id=\"4f301ad\" data-element_type=\"section\" data-e-type=\"section\" data-settings=\"{&quot;background_background&quot;:&quot;classic&quot;}\">\n\t\t\t\t\t\t<div class=\"elementor-container elementor-column-gap-default\">\n\t\t\t\t\t<div class=\"elementor-column elementor-col-50 elementor-top-column elementor-element elementor-element-a3d11d6\" data-id=\"a3d11d6\" data-element_type=\"column\" data-e-type=\"column\">\n\t\t\t<div class=\"elementor-widget-wrap elementor-element-populated\">\n\t\t\t\t\t\t<div class=\"elementor-element elementor-element-63c6454 elementor-widget elementor-widget-spacer\" data-id=\"63c6454\" data-element_type=\"widget\" data-e-type=\"widget\" data-widget_type=\"spacer.default\">\n\t\t\t\t<div class=\"elementor-widget-container\">\n\t\t\t\t\t\t\t<div class=\"elementor-spacer\">\n\t\t\t<div class=\"elementor-spacer-inner\"><\/div>\n\t\t<\/div>\n\t\t\t\t\t\t<\/div>\n\t\t\t\t<\/div>\n\t\t\t\t<div class=\"elementor-element elementor-element-80a34c4 elementor-view-default elementor-position-top elementor-widget elementor-widget-themo-header\" data-id=\"80a34c4\" data-element_type=\"widget\" data-e-type=\"widget\" data-widget_type=\"themo-header.default\">\n\t\t\t\t<div class=\"elementor-widget-container\">\n\t\t\t\t\t\t\t<div class=\"th-header-wrap\">\n        <div class=\"elementor-icon-box-wrapper \">\n                            <div class=\"elementor-icon-box-content\">\n                    <h2 class=\"elementor-icon-box-title\">\n                                            <\/h2>\n                                        <p class=\"elementor-icon-box-description\"><p style=\"text-align: justify\"> <strong>Choisissez un jour et une heure <\/strong> disponibles pour notre prochaine r\u00e9union.<\/p>\n\n<p style=\"text-align: justify\"> Les heures \u00e9tablies sont conformes \u00e0 l'heure europ\u00e9enne GMT + 1, correspondant au fuseau horaire de Paris, Madrid, Barcelone, Bruxelles ou Berlin. <\/p>\n\n<p style=\"text-align: justify\"> Une fois le rendez-vous confirm\u00e9, nous vous enverrons un questionnaire pour mieux pr\u00e9parer la r\u00e9union et ainsi nous pourrons profiter au maximum de ce temps pour cr\u00e9er votre voyage et r\u00e9pondre aux questions.<\/p><\/p>\n\n                                    <\/div>\n            <\/div>\n\n        <\/div>\n\n\t\t\t\t\t\t<\/div>\n\t\t\t\t<\/div>\n\t\t\t\t<div class=\"elementor-element elementor-element-2993b48 elementor-widget elementor-widget-image\" data-id=\"2993b48\" data-element_type=\"widget\" data-e-type=\"widget\" data-widget_type=\"image.default\">\n\t\t\t\t<div class=\"elementor-widget-container\">\n\t\t\t\t\t\t\t\t\t\t\t\t<figure class=\"wp-caption\">\n\t\t\t\t\t\t\t\t\t\t<img decoding=\"async\" data-src=\"https:\/\/livingecuadortravel.com\/wp-content\/uploads\/elementor\/thumbs\/logo_livingecuadortravel-qivjvsnagpivt97314lzgfva4n0w0w52brrls1cxm8.png\" title=\"logo_livingecuadortravel\" alt=\"logo_livingecuadortravel\" src=\"data:image\/svg+xml;base64,PHN2ZyB3aWR0aD0iMSIgaGVpZ2h0PSIxIiB4bWxucz0iaHR0cDovL3d3dy53My5vcmcvMjAwMC9zdmciPjwvc3ZnPg==\" class=\"lazyload\" style=\"--smush-placeholder-width: 150px; --smush-placeholder-aspect-ratio: 150\/120;\" \/>\t\t\t\t\t\t\t\t\t\t\t<figcaption class=\"widget-image-caption wp-caption-text\"><\/figcaption>\n\t\t\t\t\t\t\t\t\t\t<\/figure>\n\t\t\t\t\t\t\t\t\t<\/div>\n\t\t\t\t<\/div>\n\t\t\t\t\t<\/div>\n\t\t<\/div>\n\t\t\t\t<div class=\"elementor-column elementor-col-50 elementor-top-column elementor-element elementor-element-7b93932\" data-id=\"7b93932\" data-element_type=\"column\" data-e-type=\"column\">\n\t\t\t<div class=\"elementor-widget-wrap elementor-element-populated\">\n\t\t\t\t\t\t<div class=\"elementor-element elementor-element-310c8ee elementor-widget elementor-widget-spacer\" data-id=\"310c8ee\" data-element_type=\"widget\" data-e-type=\"widget\" data-widget_type=\"spacer.default\">\n\t\t\t\t<div class=\"elementor-widget-container\">\n\t\t\t\t\t\t\t<div class=\"elementor-spacer\">\n\t\t\t<div class=\"elementor-spacer-inner\"><\/div>\n\t\t<\/div>\n\t\t\t\t\t\t<\/div>\n\t\t\t\t<\/div>\n\t\t\t\t<div class=\"elementor-element elementor-element-d95f4d3 elementor-widget elementor-widget-shortcode\" data-id=\"d95f4d3\" data-element_type=\"widget\" data-e-type=\"widget\" data-widget_type=\"shortcode.default\">\n\t\t\t\t<div class=\"elementor-widget-container\">\n\t\t\t\t\t\t\t<div class=\"elementor-shortcode\"><div class=\"booked-calendar-shortcode-wrap\"><div class=\"booked-calendar-wrap large\"><div class=\"booked-calendar\" data-calendar-id=\"153\" data-calendar-date=\"2026-04-01\">\n\t\t<div class=\"bc-head\">\n\n\t\t\t\n\t\t\t<div class=\"bc-row top\">\n\t\t\t\t<div class=\"bc-col\">\n\t\t\t\t\t\t\t\t\t\t<span class=\"calendarSavingState\">\n\t\t\t\t\t\t<i class=\"fa-solid fa-circle-notch fa-spin\"><\/i>\n\t\t\t\t\t<\/span>\n\t\t\t\t\t<span class=\"monthName\">\n\t\t\t\t\t\tavril 2026\t\t\t\t\t\t\t\t\t\t\t<\/span>\n\t\t\t\t\t<a href=\"#\" data-goto=\"2026-05-01\" class=\"page-right\"><i class=\"fa-solid fa-arrow-right\"><\/i><\/a>\t\t\t\t<\/div>\n\t\t\t<\/div>\n\t\t\t<div class=\"bc-row days\">\n\t\t\t\t\t\t\t\t<div class=\"bc-col\">lun<\/div>\n\t\t\t\t<div class=\"bc-col\">mar<\/div>\n\t\t\t\t<div class=\"bc-col\">mer<\/div>\n\t\t\t\t<div class=\"bc-col\">jeu<\/div>\n\t\t\t\t<div class=\"bc-col\">ven<\/div>\n\t\t\t\t<div class=\"bc-col\">sam<\/div>\t\t\t\t<div class=\"bc-col\">dim<\/div>\t\t\t<\/div>\n\t\t<\/div>\n\t\t<div class=\"bc-body\"><div class=\"bc-row week\"><div data-date=\"2026-03-30\" class=\"bc-col prev-month prev-date\"><span class=\"date\"><span class=\"number\">30<\/span><\/span><\/div><div data-date=\"2026-03-31\" class=\"bc-col prev-month prev-date\"><span class=\"date\"><span class=\"number\">31<\/span><\/span><\/div><div data-date=\"2026-04-1\" class=\"bc-col prev-date\"><span class=\"date\"><span class=\"number\">1<\/span><\/span><\/div><div data-date=\"2026-04-2\" class=\"bc-col prev-date\"><span class=\"date\"><span class=\"number\">2<\/span><\/span><\/div><div data-date=\"2026-04-3\" class=\"bc-col prev-date\"><span class=\"date\"><span class=\"number\">3<\/span><\/span><\/div><div data-date=\"2026-04-4\" class=\"bc-col prev-date\"><span class=\"date\"><span class=\"number\">4<\/span><\/span><\/div><div data-date=\"2026-04-5\" class=\"bc-col prev-date\"><span class=\"date\"><span class=\"number\">5<\/span><\/span><\/div><\/div><div class=\"bc-row week\"><div data-date=\"2026-04-6\" class=\"bc-col prev-date\"><span class=\"date\"><span class=\"number\">6<\/span><\/span><\/div><div data-date=\"2026-04-7\" class=\"bc-col prev-date\"><span class=\"date\"><span class=\"number\">7<\/span><\/span><\/div><div data-date=\"2026-04-8\" class=\"bc-col prev-date\"><span class=\"date\"><span class=\"number\">8<\/span><\/span><\/div><div data-date=\"2026-04-9\" class=\"bc-col prev-date\"><span class=\"date\"><span class=\"number\">9<\/span><\/span><\/div><div data-date=\"2026-04-10\" class=\"bc-col prev-date\"><span class=\"date\"><span class=\"number\">10<\/span><\/span><\/div><div data-date=\"2026-04-11\" class=\"bc-col prev-date\"><span class=\"date\"><span class=\"number\">11<\/span><\/span><\/div><div data-date=\"2026-04-12\" class=\"bc-col prev-date\"><span class=\"date\"><span class=\"number\">12<\/span><\/span><\/div><\/div><div class=\"bc-row week\"><div data-date=\"2026-04-13\" class=\"bc-col prev-date\"><span class=\"date\"><span class=\"number\">13<\/span><\/span><\/div><div data-date=\"2026-04-14\" class=\"bc-col today prev-date\"><span class=\"date\"><span class=\"number\">14<\/span><\/span><\/div><div data-date=\"2026-04-15\" class=\"bc-col prev-date\"><span class=\"date\"><span class=\"number\">15<\/span><\/span><\/div><div data-date=\"2026-04-16\" class=\"bc-col prev-date\"><span class=\"date\"><span class=\"number\">16<\/span><\/span><\/div><div data-date=\"2026-04-17\" class=\"bc-col prev-date\"><span class=\"date\"><span class=\"number\">17<\/span><\/span><\/div><div data-date=\"2026-04-18\" class=\"bc-col \"><span class=\"date\"><span class=\"number\">18<\/span><\/span><\/div><div data-date=\"2026-04-19\" class=\"bc-col prev-date\"><span class=\"date\"><span class=\"number\">19<\/span><\/span><\/div><\/div><div class=\"bc-row week\"><div data-date=\"2026-04-20\" class=\"bc-col prev-date\"><span class=\"date\"><span class=\"number\">20<\/span><\/span><\/div><div data-date=\"2026-04-21\" class=\"bc-col \"><span class=\"date\"><span class=\"number\">21<\/span><\/span><\/div><div data-date=\"2026-04-22\" class=\"bc-col \"><span class=\"date\"><span class=\"number\">22<\/span><\/span><\/div><div data-date=\"2026-04-23\" class=\"bc-col prev-date\"><span class=\"date\"><span class=\"number\">23<\/span><\/span><\/div><div data-date=\"2026-04-24\" class=\"bc-col prev-date\"><span class=\"date\"><span class=\"number\">24<\/span><\/span><\/div><div data-date=\"2026-04-25\" class=\"bc-col \"><span class=\"date\"><span class=\"number\">25<\/span><\/span><\/div><div data-date=\"2026-04-26\" class=\"bc-col prev-date\"><span class=\"date\"><span class=\"number\">26<\/span><\/span><\/div><\/div><div class=\"bc-row week\"><div data-date=\"2026-04-27\" class=\"bc-col prev-date\"><span class=\"date\"><span class=\"number\">27<\/span><\/span><\/div><div data-date=\"2026-04-28\" class=\"bc-col \"><span class=\"date\"><span class=\"number\">28<\/span><\/span><\/div><div data-date=\"2026-04-29\" class=\"bc-col \"><span class=\"date\"><span class=\"number\">29<\/span><\/span><\/div><div data-date=\"2026-04-30\" class=\"bc-col prev-date\"><span class=\"date\"><span class=\"number\">30<\/span><\/span><\/div><div data-date=\"2026-05-1\" class=\"bc-col next-month prev-date\"><span class=\"date\"><span class=\"number\">1<\/span><\/span><\/div><div data-date=\"2026-05-2\" class=\"bc-col next-month\"><span class=\"date\"><span class=\"number\">2<\/span><\/span><\/div><div data-date=\"2026-05-3\" class=\"bc-col next-month prev-date\"><span class=\"date\"><span class=\"number\">3<\/span><\/span><\/div><\/div>\t\t<\/div>\n\t<\/div><\/div><\/div><\/div>\n\t\t\t\t\t\t<\/div>\n\t\t\t\t<\/div>\n\t\t\t\t\t<\/div>\n\t\t<\/div>\n\t\t\t\t\t<\/div>\n\t\t<\/section>\n\t\t\t\t<section class=\"elementor-section elementor-top-section elementor-element elementor-element-818dffb elementor-section-boxed elementor-section-height-default elementor-section-height-default\" data-id=\"818dffb\" data-element_type=\"section\" data-e-type=\"section\" data-settings=\"{&quot;background_background&quot;:&quot;classic&quot;}\">\n\t\t\t\t\t\t<div class=\"elementor-container elementor-column-gap-default\">\n\t\t\t\t\t<div class=\"elementor-column elementor-col-100 elementor-top-column elementor-element elementor-element-dd284a0\" data-id=\"dd284a0\" data-element_type=\"column\" data-e-type=\"column\">\n\t\t\t<div class=\"elementor-widget-wrap elementor-element-populated\">\n\t\t\t\t\t\t<div class=\"elementor-element elementor-element-75e2ea5 elementor-widget elementor-widget-spacer\" data-id=\"75e2ea5\" data-element_type=\"widget\" data-e-type=\"widget\" data-widget_type=\"spacer.default\">\n\t\t\t\t<div class=\"elementor-widget-container\">\n\t\t\t\t\t\t\t<div class=\"elementor-spacer\">\n\t\t\t<div class=\"elementor-spacer-inner\"><\/div>\n\t\t<\/div>\n\t\t\t\t\t\t<\/div>\n\t\t\t\t<\/div>\n\t\t\t\t\t<\/div>\n\t\t<\/div>\n\t\t\t\t\t<\/div>\n\t\t<\/section>\n\t\t\t\t<\/div>\n\t\t","protected":false},"excerpt":{"rendered":"<p>Planifiez votre r\u00e9union en ligne Choisissez un jour et une heure disponibles pour notre prochaine r\u00e9union. Les heures \u00e9tablies sont conformes \u00e0 l&rsquo;heure europ\u00e9enne GMT + 1, correspondant au fuseau horaire de Paris, Madrid, Barcelone, Bruxelles ou Berlin. Une fois &hellip; <a href=\"https:\/\/livingecuadortravel.com\/fr\/booked_appointments\/abril-11-2026-1700-user-guest\/\">Read More<\/a><\/p>\n","protected":false},"author":1,"featured_media":0,"parent":0,"menu_order":0,"comment_status":"closed","ping_status":"closed","template":"elementor_canvas","meta":{"cybocfi_hide_featured_image":"","footnotes":""},"class_list":["post-13511","page","type-page","status-publish","hentry"],"aioseo_notices":[],"_links":{"self":[{"href":"https:\/\/livingecuadortravel.com\/fr\/wp-json\/wp\/v2\/pages\/13511","targetHints":{"allow":["GET"]}}],"collection":[{"href":"https:\/\/livingecuadortravel.com\/fr\/wp-json\/wp\/v2\/pages"}],"about":[{"href":"https:\/\/livingecuadortravel.com\/fr\/wp-json\/wp\/v2\/types\/page"}],"author":[{"embeddable":true,"href":"https:\/\/livingecuadortravel.com\/fr\/wp-json\/wp\/v2\/users\/1"}],"replies":[{"embeddable":true,"href":"https:\/\/livingecuadortravel.com\/fr\/wp-json\/wp\/v2\/comments?post=13511"}],"version-history":[{"count":0,"href":"https:\/\/livingecuadortravel.com\/fr\/wp-json\/wp\/v2\/pages\/13511\/revisions"}],"wp:attachment":[{"href":"https:\/\/livingecuadortravel.com\/fr\/wp-json\/wp\/v2\/media?parent=13511"}],"curies":[{"name":"wp","href":"https:\/\/api.w.org\/{rel}","templated":true}]}}