{"id":13174,"date":"2020-05-01T14:29:53","date_gmt":"2020-05-01T19:29:53","guid":{"rendered":"https:\/\/www.livingecuadortravel.com\/?page_id=13174"},"modified":"2020-05-22T06:05:59","modified_gmt":"2020-05-22T11:05:59","slug":"merci","status":"publish","type":"page","link":"https:\/\/livingecuadortravel.com\/fr\/formularie-de-voyages\/merci\/","title":{"rendered":"formulaire de r\u00e9servation (merci)"},"content":{"rendered":"\t\t<div data-elementor-type=\"wp-page\" data-elementor-id=\"13174\" class=\"elementor elementor-13174\" data-elementor-post-type=\"page\">\n\t\t\t\t\t\t<section class=\"elementor-section elementor-top-section elementor-element elementor-element-1a893841 elementor-section-stretched elementor-section-height-full elementor-section-boxed elementor-section-height-default elementor-section-items-middle\" data-id=\"1a893841\" data-element_type=\"section\" data-e-type=\"section\" data-settings=\"{&quot;stretch_section&quot;:&quot;section-stretched&quot;}\">\n\t\t\t\t\t\t\t<div class=\"elementor-background-overlay\"><\/div>\n\t\t\t\t\t\t\t<div class=\"elementor-container elementor-column-gap-default\">\n\t\t\t\t\t<div class=\"elementor-column elementor-col-100 elementor-top-column elementor-element elementor-element-1b40f43e\" data-id=\"1b40f43e\" data-element_type=\"column\" data-e-type=\"column\">\n\t\t\t<div class=\"elementor-widget-wrap elementor-element-populated\">\n\t\t\t\t\t\t<div class=\"elementor-element elementor-element-f68a972 elementor-widget elementor-widget-image\" data-id=\"f68a972\" data-element_type=\"widget\" data-e-type=\"widget\" data-widget_type=\"image.default\">\n\t\t\t\t<div class=\"elementor-widget-container\">\n\t\t\t\t\t\t\t\t\t\t\t\t\t\t\t<img decoding=\"async\" data-src=\"https:\/\/livingecuadortravel.com\/wp-content\/uploads\/elementor\/thumbs\/logo_livingecuadortravel-qivjvsnb2mwzixt3ddb2t24gkjfv3lcoqyymg5ajto.png\" title=\"logo_livingecuadortravel\" alt=\"logo_livingecuadortravel\" src=\"data:image\/svg+xml;base64,PHN2ZyB3aWR0aD0iMSIgaGVpZ2h0PSIxIiB4bWxucz0iaHR0cDovL3d3dy53My5vcmcvMjAwMC9zdmciPjwvc3ZnPg==\" class=\"lazyload\" style=\"--smush-placeholder-width: 200px; --smush-placeholder-aspect-ratio: 200\/150;\" \/>\t\t\t\t\t\t\t\t\t\t\t\t\t\t\t<\/div>\n\t\t\t\t<\/div>\n\t\t\t\t<div class=\"elementor-element elementor-element-ff0f12c elementor-widget elementor-widget-spacer\" data-id=\"ff0f12c\" data-element_type=\"widget\" data-e-type=\"widget\" data-widget_type=\"spacer.default\">\n\t\t\t\t<div class=\"elementor-widget-container\">\n\t\t\t\t\t\t\t<div class=\"elementor-spacer\">\n\t\t\t<div class=\"elementor-spacer-inner\"><\/div>\n\t\t<\/div>\n\t\t\t\t\t\t<\/div>\n\t\t\t\t<\/div>\n\t\t\t\t<div class=\"elementor-element elementor-element-84b88ed elementor-view-default elementor-position-top elementor-widget elementor-widget-themo-header\" data-id=\"84b88ed\" data-element_type=\"widget\" data-e-type=\"widget\" data-widget_type=\"themo-header.default\">\n\t\t\t\t<div class=\"elementor-widget-container\">\n\t\t\t\t\t\t\t<div class=\"th-header-wrap\">\n        <div class=\"elementor-icon-box-wrapper \">\n                            <div class=\"elementor-icon-box-content\">\n                    <h6 class=\"elementor-icon-box-title\">\n                        Merci pour nous contacter                    <\/h6>\n                                        <p class=\"elementor-icon-box-description\">Vous venez de demander un voyage et nous sommes ravis de pr\u00e9parer ce voyage pour que vous en profitiez. Nous vous contacterons sous peu pour vous fournir plus d'informations et vous indiquer les prochaines \u00e9tapes \u00e0 suivre.\r\n\r\nPour toute autre doute ou commentaire, n'h\u00e9sitez pas \u00e0 nous \u00e9crire \u00e0<a href=\"mailto:info@livingecuadortravel.com?Subject=Doutes%20reservation%20de%20voyages\">info@livingecuadortravel.com<\/a><\/p>\n\n                                    <\/div>\n            <\/div>\n\n        <\/div>\n\n\t\t\t\t\t\t<\/div>\n\t\t\t\t<\/div>\n\t\t\t\t\t<\/div>\n\t\t<\/div>\n\t\t\t\t\t<\/div>\n\t\t<\/section>\n\t\t\t\t<\/div>\n\t\t","protected":false},"excerpt":{"rendered":"<p>Merci pour nous contacter Vous venez de demander un voyage et nous sommes ravis de pr\u00e9parer ce voyage pour que vous en profitiez. Nous vous contacterons sous peu pour vous fournir plus d&rsquo;informations et vous indiquer les prochaines \u00e9tapes \u00e0 &hellip; <a href=\"https:\/\/livingecuadortravel.com\/fr\/formularie-de-voyages\/merci\/\">Read More<\/a><\/p>\n","protected":false},"author":1,"featured_media":0,"parent":12933,"menu_order":0,"comment_status":"closed","ping_status":"closed","template":"elementor_canvas","meta":{"cybocfi_hide_featured_image":"","footnotes":""},"class_list":["post-13174","page","type-page","status-publish","hentry"],"aioseo_notices":[],"_links":{"self":[{"href":"https:\/\/livingecuadortravel.com\/fr\/wp-json\/wp\/v2\/pages\/13174","targetHints":{"allow":["GET"]}}],"collection":[{"href":"https:\/\/livingecuadortravel.com\/fr\/wp-json\/wp\/v2\/pages"}],"about":[{"href":"https:\/\/livingecuadortravel.com\/fr\/wp-json\/wp\/v2\/types\/page"}],"author":[{"embeddable":true,"href":"https:\/\/livingecuadortravel.com\/fr\/wp-json\/wp\/v2\/users\/1"}],"replies":[{"embeddable":true,"href":"https:\/\/livingecuadortravel.com\/fr\/wp-json\/wp\/v2\/comments?post=13174"}],"version-history":[{"count":0,"href":"https:\/\/livingecuadortravel.com\/fr\/wp-json\/wp\/v2\/pages\/13174\/revisions"}],"up":[{"embeddable":true,"href":"https:\/\/livingecuadortravel.com\/fr\/wp-json\/wp\/v2\/pages\/12933"}],"wp:attachment":[{"href":"https:\/\/livingecuadortravel.com\/fr\/wp-json\/wp\/v2\/media?parent=13174"}],"curies":[{"name":"wp","href":"https:\/\/api.w.org\/{rel}","templated":true}]}}