{"id":12819,"date":"2020-04-30T16:20:06","date_gmt":"2020-04-30T21:20:06","guid":{"rendered":"https:\/\/www.livingecuadortravel.com\/?page_id=12819"},"modified":"2023-03-06T17:07:20","modified_gmt":"2023-03-06T22:07:20","slug":"conditions-legales","status":"publish","type":"page","link":"https:\/\/livingecuadortravel.com\/fr\/conditions-legales\/","title":{"rendered":"Avis l\u00e9gal et politique de confidentalit\u00e9"},"content":{"rendered":"\t\t<div data-elementor-type=\"wp-page\" data-elementor-id=\"12819\" class=\"elementor elementor-12819\" data-elementor-post-type=\"page\">\n\t\t\t\t\t\t<section class=\"elementor-section elementor-top-section elementor-element elementor-element-3b789b42 elementor-section-boxed elementor-section-height-default elementor-section-height-default\" data-id=\"3b789b42\" data-element_type=\"section\" data-e-type=\"section\">\n\t\t\t\t\t\t<div class=\"elementor-container elementor-column-gap-default\">\n\t\t\t\t\t<div class=\"elementor-column elementor-col-100 elementor-top-column elementor-element elementor-element-37a1972c\" data-id=\"37a1972c\" data-element_type=\"column\" data-e-type=\"column\">\n\t\t\t<div class=\"elementor-widget-wrap elementor-element-populated\">\n\t\t\t\t\t\t<div class=\"elementor-element elementor-element-7e22474 elementor-widget elementor-widget-spacer\" data-id=\"7e22474\" data-element_type=\"widget\" data-e-type=\"widget\" data-widget_type=\"spacer.default\">\n\t\t\t\t<div class=\"elementor-widget-container\">\n\t\t\t\t\t\t\t<div class=\"elementor-spacer\">\n\t\t\t<div class=\"elementor-spacer-inner\"><\/div>\n\t\t<\/div>\n\t\t\t\t\t\t<\/div>\n\t\t\t\t<\/div>\n\t\t\t\t<div class=\"elementor-element elementor-element-55a0d945 elementor-widget elementor-widget-text-editor\" data-id=\"55a0d945\" data-element_type=\"widget\" data-e-type=\"widget\" data-widget_type=\"text-editor.default\">\n\t\t\t\t<div class=\"elementor-widget-container\">\n\t\t\t\t\t\t\t\t\t<h1>AVISO LEGAL Y POL\u00cdTICA DE PRIVACIDAD<\/h1>\r\n\u00a0\r\n\r\n<strong>Conditions g\u00e9n\u00e9rales d\u2019utilisation<\/strong>\u00a0de livingecuadortravel.com\r\n<h3>DONN\u00c9ES D\u2019IDENTIFICATION<\/h3>\r\nCe site web est la propri\u00e9t\u00e9 de LIVING ECUADOR TRUEQUE TRAVEL Cia. Ltda. (ci-apr\u00e8s LIVING) avec RUC : 1891760775001 et domicili\u00e9e dans la Via a San Jorge, entr\u00e9e de la maison communautaire, s\/n (Barrio Quinlata) \u2013 C.P.180550, Patate, et inscrite au Registre municipal de la propri\u00e9t\u00e9 et du commerce du canton Patate le 29 janvier 2015, sous le num\u00e9ro 3. Courriel de contact : livingecuadortravel@gmail.com.\r\n\r\nL\u2019acc\u00e8s et\/ou l\u2019utilisation de ce site web attribue la condition d\u2019UTILISATEUR, qui accepte depuis ledit acc\u00e8s et\/ou utilisation, les CONDITIONS G\u00c9N\u00c9RALES D\u2019UTILISATION refl\u00e9t\u00e9es ici. L\u2019utilisateur, lorsqu\u2019il utilise notre site web, ses contenus ou services, accepte et se soumet express\u00e9ment aux conditions g\u00e9n\u00e9rales d\u2019utilisation de celui-ci. Si l\u2019UTILISATEUR n\u2019est pas d\u2019accord avec ces conditions d\u2019utilisation, il doit s\u2019abstenir d\u2019utiliser ce site web et d\u2019op\u00e9rer \u00e0 travers celui-ci.\r\n\r\nNous pouvons \u00e0 tout moment modifier la pr\u00e9sentation et la configuration de notre site web, \u00e9tendre ou r\u00e9duire les services, et m\u00eame le retirer du r\u00e9seau, ainsi que les services et contenus fournis, le tout de mani\u00e8re unilat\u00e9rale et avec un pr\u00e9avis. LIVING pourra modifier ces politiques de confidentialit\u00e9 pour les adapter aux changements qui se produisent sur notre site web, ainsi qu\u2019aux changements l\u00e9gislatifs ou jurisprudentiels sur les donn\u00e9es personnelles qui apparaissent, de sorte qu\u2019il faut les lire, chaque fois que vous nous fournissez vos donn\u00e9es \u00e0 travers ce site web.\r\n\r\nToutes les questions relatives \u00e0 notre site Web sont r\u00e9gies exclusivement par la loi \u00e9quatorienne. En cas de divergence ou de diff\u00e9rend entre les parties concernant l\u2019interpr\u00e9tation et le contenu de ce site web, toutes les parties se soumettent, en renon\u00e7ant express\u00e9ment \u00e0 toute autre juridiction, aux Cours et Tribunaux de la province de Tungurahua (\u00c9quateur).\r\n<h3>PROPRI\u00c9T\u00c9 INTELLECTUELLE ET INDUSTRIELLE<\/h3>\r\nTous les \u00e9l\u00e9ments fournis par LIVING (images, vid\u00e9os, textes, marques, logos, graphismes, codes sources, etc.) sont la propri\u00e9t\u00e9 exclusive de LIVING ou des personnes physiques ou morales qui en sont inform\u00e9es.\r\n\r\nL\u2019utilisateur n\u2019a droit qu\u2019\u00e0 un usage priv\u00e9, sans but lucratif, et doit obtenir l\u2019autorisation expresse de LIVING et\/ou du titulaire des droits pour modifier, reproduire, exploiter, distribuer ou tout autre droit appartenant au titulaire.\r\n\r\nL\u2019\u00e9tablissement de liens vers notre portail ne conf\u00e8re aucun droit sur celui-ci, et est autoris\u00e9 exclusivement pour permettre l\u2019acc\u00e8s \u00e0 notre site web. La reproduction totale ou partielle des images et des contenus de notre portail sur d\u2019autres pages est interdite sans autorisation pr\u00e9alable.\r\n<h3>CONDITIONS D\u2019ACC\u00c8S<\/h3>\r\nL\u2019acc\u00e8s \u00e0 notre site est gratuit et aucun abonnement ou enregistrement pr\u00e9alable n\u2019est requis. Toutefois, LIVING se r\u00e9serve le droit d\u2019offrir des services qui n\u00e9cessitent une inscription pr\u00e9alable de l\u2019utilisateur. Dans tous les cas, ces services seront d\u00fbment identifi\u00e9s sur le site, avec des instructions simples pour l\u2019enregistrement.\r\n\r\nL\u2019UTILISATEUR s\u2019engage \u00e0 faire un usage appropri\u00e9 des contenus et services offerts par ce site web, conform\u00e9ment \u00e0 la bonne foi et aux r\u00e8gles d\u2019ordre public.\r\n\r\nLIVING se r\u00e9serve le droit de supprimer les commentaires et contributions qui ne conviennent pas \u00e0 la publication.\r\n\r\nCompte tenu de l\u2019impossibilit\u00e9 de contr\u00f4ler l\u2019information, le contenu et les services contenus dans d\u2019autres sites web auxquels il est possible d\u2019acc\u00e9der \u00e0 travers les liens que notre site web met \u00e0 disposition, nous vous informons que LIVING est exempt de toute responsabilit\u00e9 pour les dommages de toute nature pouvant d\u00e9couler de l\u2019utilisation de ces sites web ext\u00e9rieurs \u00e0 notre soci\u00e9t\u00e9 par l\u2019utilisateur.\r\n<h3>POLITIQUE DE CONFIDENTIALIT\u00c9<\/h3>\r\nCette politique de confidentialit\u00e9 r\u00e9git la mani\u00e8re dont LIVING collecte, utilise, conserve et divulgue les informations recueillies aupr\u00e8s des utilisateurs de ce site. Cette politique s\u2019applique au site et \u00e0 tous les produits et services propos\u00e9s par LIVING.\r\n\r\n\u00a0\r\n\r\n<strong>Quelles sont les informations collect\u00e9es ?<\/strong>\r\nNous vous informons que notre site peut utiliser des \u00ab\u00a0cookies\u00a0\u00bb pour am\u00e9liorer l\u2019exp\u00e9rience de l\u2019utilisateur. Le navigateur Web de l\u2019utilisateur place des cookies sur son disque dur \u00e0 des fins d\u2019archivage et parfois pour suivre des informations le concernant. L\u2019utilisateur peut choisir de configurer son navigateur pour qu\u2019il refuse les cookies, ou pour qu\u2019il vous avertisse lorsque des cookies sont envoy\u00e9s. S\u2019il le fait, veuillez noter que certaines parties du site peuvent ne pas fonctionner correctement.\r\n\r\nNous pouvons \u00e9galement recueillir des informations personnelles identifiables lorsque vous vous inscrivez sur le site, vous abonnez \u00e0 la newsletter, remplissez un formulaire, nous \u00e9crivez un e-mail, r\u00e9pondez \u00e0 un questionnaire et participez \u00e0 des concours.\r\n\r\nNous ne collectons pas d\u2019informations inutiles sur l\u2019utilisateur. Les donn\u00e9es que nous demandons sont ad\u00e9quates, pertinentes et strictement n\u00e9cessaires \u00e0 la finalit\u00e9 pour laquelle elles sont collect\u00e9es. Leur envoi implique votre autorisation \u00e0 les incorporer dans nos fichiers correspondants, si LIVING le juge opportun.\r\n\r\n\u00a0\r\n\r\n<strong>Comment utilisons-nous les informations que nous recueillons\u00a0<\/strong>\r\nLes informations non identifiables personnellement que LIVING collecte aupr\u00e8s des utilisateurs sont utilis\u00e9es pour am\u00e9liorer l\u2019exp\u00e9rience de l\u2019utilisateur sur le site web, ainsi que pour am\u00e9liorer les produits et services offerts sur ce site web.\r\n\r\nLes informations non personnelles recueillies par Living seront utilis\u00e9es pour am\u00e9liorer les produits et services offerts, ainsi que pour am\u00e9liorer l\u2019exp\u00e9rience des utilisateurs sur le site web.\r\n\r\nEn ce qui concerne les informations personnellement identifiables, ces donn\u00e9es sont uniquement utilis\u00e9es pour les proc\u00e9dures concernant la r\u00e9alisation et\/ou l\u2019ex\u00e9cution du produit et\/ou du service contract\u00e9. Nous ne partageons pas ces informations avec des tiers, sauf dans la mesure o\u00f9 cela est n\u00e9cessaire pour fournir le service et si l\u2019autorit\u00e9 comp\u00e9tente l\u2019exige.\r\n<p class=\"has-text-align-left\"><\/p>\r\nPar ailleurs, les adresses \u00e9lectroniques qui ont \u00e9t\u00e9 fournies par les utilisateurs ne seront utilis\u00e9es que pour :\r\na) r\u00e9pondre aux demandes ou aux questions\r\nb)Envoyer des informations sur le service ou le produit contract\u00e9.\r\nc)Envoyer p\u00e9riodiquement des informations sur les mises \u00e0 jour du blog, les nouveaux produits et services et les promotions.\r\nVous pourrez \u00e0 tout moment vous opposer et vous d\u00e9sinscrire de nos messages de contenu informatif et commercial, ainsi qu\u2019exercer vos droits d\u2019acc\u00e8s, de rectification, d\u2019annulation et d\u2019opposition par courrier \u00e9lectronique \u00e0 l\u2019adresse livingecuadortravel@gmail.com. Nous consid\u00e9rons que si vous ne demandez pas express\u00e9ment l\u2019annulation de vos donn\u00e9es personnelles de nos fichiers, vous avez toujours int\u00e9r\u00eat \u00e0 continuer \u00e0 y figurer jusqu\u2019\u00e0 ce que LIVING le juge opportun et tant que cela est appropri\u00e9 \u00e0 la finalit\u00e9 pour laquelle elles ont \u00e9t\u00e9 obtenues.\r\n\r\nLIVING assure la confidentialit\u00e9 totale des donn\u00e9es fournies par les utilisateurs de son site web et garantit qu\u2019en aucun cas elles ne seront c\u00e9d\u00e9es ou vendues \u00e0 des soci\u00e9t\u00e9s tierces ou utilis\u00e9es \u00e0 d\u2019autres fins que celles d\u00e9crites ci-dessus. L\u2019UTILISATEUR sera responsable, dans tous les cas, de la v\u00e9racit\u00e9 des donn\u00e9es fournies.\r\n\r\n\u00a0\r\n\r\n<strong>Comment nous prot\u00e9geons vos informations<\/strong>\r\nLIVING s\u2019engage \u00e0 traiter avec une extr\u00eame diligence les informations personnelles que l\u2019utilisateur peut fournir \u00e0 travers notre site web, en garantissant la confidentialit\u00e9, le secret professionnel et la s\u00e9curit\u00e9. Les informations recueillies seront trait\u00e9es et incorpor\u00e9es aux fichiers de LIVING, propri\u00e9taire et responsable de celles-ci.\t\t\t\t\t\t\t\t<\/div>\n\t\t\t\t<\/div>\n\t\t\t\t\t<\/div>\n\t\t<\/div>\n\t\t\t\t\t<\/div>\n\t\t<\/section>\n\t\t\t\t<\/div>\n\t\t","protected":false},"excerpt":{"rendered":"<p>AVISO LEGAL Y POL\u00cdTICA DE PRIVACIDAD \u00a0 Conditions g\u00e9n\u00e9rales d\u2019utilisation\u00a0de livingecuadortravel.com DONN\u00c9ES D\u2019IDENTIFICATION Ce site web est la propri\u00e9t\u00e9 de LIVING ECUADOR TRUEQUE TRAVEL Cia. Ltda. (ci-apr\u00e8s LIVING) avec RUC : 1891760775001 et domicili\u00e9e dans la Via a San Jorge, &hellip; <a href=\"https:\/\/livingecuadortravel.com\/fr\/conditions-legales\/\">Read More<\/a><\/p>\n","protected":false},"author":1,"featured_media":0,"parent":0,"menu_order":0,"comment_status":"closed","ping_status":"closed","template":"","meta":{"cybocfi_hide_featured_image":"","footnotes":""},"class_list":["post-12819","page","type-page","status-publish","hentry"],"aioseo_notices":[],"_links":{"self":[{"href":"https:\/\/livingecuadortravel.com\/fr\/wp-json\/wp\/v2\/pages\/12819","targetHints":{"allow":["GET"]}}],"collection":[{"href":"https:\/\/livingecuadortravel.com\/fr\/wp-json\/wp\/v2\/pages"}],"about":[{"href":"https:\/\/livingecuadortravel.com\/fr\/wp-json\/wp\/v2\/types\/page"}],"author":[{"embeddable":true,"href":"https:\/\/livingecuadortravel.com\/fr\/wp-json\/wp\/v2\/users\/1"}],"replies":[{"embeddable":true,"href":"https:\/\/livingecuadortravel.com\/fr\/wp-json\/wp\/v2\/comments?post=12819"}],"version-history":[{"count":0,"href":"https:\/\/livingecuadortravel.com\/fr\/wp-json\/wp\/v2\/pages\/12819\/revisions"}],"wp:attachment":[{"href":"https:\/\/livingecuadortravel.com\/fr\/wp-json\/wp\/v2\/media?parent=12819"}],"curies":[{"name":"wp","href":"https:\/\/api.w.org\/{rel}","templated":true}]}}